{"id":106,"date":"2026-01-09T00:14:48","date_gmt":"2026-01-09T03:14:48","guid":{"rendered":"https:\/\/trevo.us\/coletivo\/?page_id=106"},"modified":"2026-01-09T01:04:52","modified_gmt":"2026-01-09T04:04:52","slug":"inscreva-se","status":"publish","type":"page","link":"https:\/\/trevo.us\/coletivo\/inscreva-se\/","title":{"rendered":"Inscreva-se"},"content":{"rendered":"<div class=\"wpb-content-wrapper\">[vc_section css=&#8221;.vc_custom_1767919603809{margin-top: 100px !important;}&#8221;]<div id=\"tdi_1\" class=\"tdc-row\"><div class=\"vc_row vc_custom_1756332170631 tdi_2  wpb_row td-pb-row\" >\n<style scoped>\n\/* custom css - generated by TagDiv Composer *\/\n\n\/* tdc_composer_block - inline css att *\/\n.vc_custom_1756332170631{margin-top: 30px !important;}\n\/* custom css - generated by TagDiv Composer *\/\n.tdi_2,\r\n                .tdi_2 .tdc-columns{\r\n                    min-height: 0;\r\n                }.tdi_2,\r\n\t\t\t\t.tdi_2 .tdc-columns{\r\n\t\t\t\t    display: block;\r\n\t\t\t\t}.tdi_2 .tdc-columns{\r\n\t\t\t\t    width: 100%;\r\n\t\t\t\t}.tdi_2:before,\r\n\t\t\t\t.tdi_2:after{\r\n\t\t\t\t    display: table;\r\n\t\t\t\t}\n<\/style><div class=\"vc_column tdi_4  wpb_column vc_column_container tdc-column td-pb-span12\">\n<style scoped>\n\/* custom css - generated by TagDiv Composer *\/\n\n\/* custom css - generated by TagDiv Composer *\/\n.tdi_4{\r\n                    vertical-align: baseline;\r\n                }.tdi_4 > .wpb_wrapper,\r\n\t\t\t\t.tdi_4 > .wpb_wrapper > .tdc-elements{\r\n\t\t\t\t    display: block;\r\n\t\t\t\t}.tdi_4 > .wpb_wrapper > .tdc-elements{\r\n\t\t\t\t    width: 100%;\r\n\t\t\t\t}.tdi_4 > .wpb_wrapper > .vc_row_inner{\r\n\t\t\t\t    width: auto;\r\n\t\t\t\t}.tdi_4 > .wpb_wrapper{\r\n\t\t\t\t    width: auto;\r\n\t\t\t\t    height: auto;\r\n\t\t\t\t}\n<\/style><div class=\"wpb_wrapper\" ><div class=\"vc_row_inner tdi_6  vc_row vc_inner wpb_row td-pb-row\" >\n<style scoped>\n\/* custom css - generated by TagDiv Composer *\/\n\n\/* custom css - generated by TagDiv Composer *\/\n.tdi_6{\r\n                    position: relative !important;\r\n                    top: 0;\r\n                    transform: none;\r\n                    -webkit-transform: none;\r\n                }.tdi_6,\r\n\t\t\t\t.tdi_6 .tdc-inner-columns{\r\n\t\t\t\t    display: block;\r\n\t\t\t\t}.tdi_6 .tdc-inner-columns{\r\n\t\t\t\t    width: 100%;\r\n\t\t\t\t}\n<\/style><div class=\"vc_column_inner tdi_8  wpb_column vc_column_container tdc-inner-column td-pb-span12\">\n<style scoped>\n\/* custom css - generated by TagDiv Composer *\/\n\n\/* custom css - generated by TagDiv Composer *\/\n.tdi_8{\r\n                    vertical-align: baseline;\r\n                }.tdi_8 .vc_column-inner > .wpb_wrapper,\r\n\t\t\t\t.tdi_8 .vc_column-inner > .wpb_wrapper .tdc-elements{\r\n\t\t\t\t    display: block;\r\n\t\t\t\t}.tdi_8 .vc_column-inner > .wpb_wrapper .tdc-elements{\r\n\t\t\t\t    width: 100%;\r\n\t\t\t\t}\n<\/style><div class=\"vc_column-inner\"><div class=\"wpb_wrapper\" >[vc_column_text css=&#8221;&#8221;]\r\n<h2><strong>Fa\u00e7a parte do nosso Coletivo!<\/strong><\/h2>\r\n[\/vc_column_text]<\/div><\/div><\/div><\/div><div class=\"vc_row_inner tdi_10  vc_row vc_inner wpb_row td-pb-row\" >\n<style scoped>\n\/* custom css - generated by TagDiv Composer *\/\n\n\/* custom css - generated by TagDiv Composer *\/\n.tdi_10{\r\n                    position: relative !important;\r\n                    top: 0;\r\n                    transform: none;\r\n                    -webkit-transform: none;\r\n                }.tdi_10,\r\n\t\t\t\t.tdi_10 .tdc-inner-columns{\r\n\t\t\t\t    display: block;\r\n\t\t\t\t}.tdi_10 .tdc-inner-columns{\r\n\t\t\t\t    width: 100%;\r\n\t\t\t\t}\n<\/style><div class=\"vc_column_inner tdi_12  wpb_column vc_column_container tdc-inner-column td-pb-span6\">\n<style scoped>\n\/* custom css - generated by TagDiv Composer *\/\n\n\/* custom css - generated by TagDiv Composer *\/\n.tdi_12{\r\n                    vertical-align: baseline;\r\n                }.tdi_12 .vc_column-inner > .wpb_wrapper,\r\n\t\t\t\t.tdi_12 .vc_column-inner > .wpb_wrapper .tdc-elements{\r\n\t\t\t\t    display: block;\r\n\t\t\t\t}.tdi_12 .vc_column-inner > .wpb_wrapper .tdc-elements{\r\n\t\t\t\t    width: 100%;\r\n\t\t\t\t}\n<\/style><div class=\"vc_column-inner\"><div class=\"wpb_wrapper\" >[vc_gallery type=&#8221;image_grid&#8221; images=&#8221;128,130,133,134,135,136,137,139,140,142,143,144,145,146,147,148,150,151,152,153,154,157,158,162&#8243; img_size=&#8221;80&#215;80&#8243; onclick=&#8221;&#8221; css=&#8221;&#8221;]<\/div><\/div><\/div><div class=\"vc_column_inner tdi_14  wpb_column vc_column_container tdc-inner-column td-pb-span6\">\n<style scoped>\n\/* custom css - generated by TagDiv Composer *\/\n\n\/* custom css - generated by TagDiv Composer *\/\n.tdi_14{\r\n                    vertical-align: baseline;\r\n                }.tdi_14 .vc_column-inner > .wpb_wrapper,\r\n\t\t\t\t.tdi_14 .vc_column-inner > .wpb_wrapper .tdc-elements{\r\n\t\t\t\t    display: block;\r\n\t\t\t\t}.tdi_14 .vc_column-inner > .wpb_wrapper .tdc-elements{\r\n\t\t\t\t    width: 100%;\r\n\t\t\t\t}\n<\/style><div class=\"vc_column-inner\"><div class=\"wpb_wrapper\" >[vc_column_text css=&#8221;&#8221;]\r\n<p style=\"text-align: left;\"><span style=\"font-size: 14pt;\">Infelizmente o\u00a0<strong>audiovisual<\/strong>\u00a0\u00e9 uma \u00e1rea complexa onde se trabalhar, pois n\u00e3o existem f\u00f3rmulas, nem regras para uma\u00a0<strong>carreira<\/strong>\u00a0objetiva, uma vez que a pr\u00f3pria ind\u00fastria n\u00e3o incentiva aqueles que est\u00e3o se iniciando. O\u00a0<strong>Coletivo TREVOUS<\/strong>\u00a0oferece uma plataforma para aqueles que ainda est\u00e3o come\u00e7ando e desejam executar\u00a0<strong>projetos criativos<\/strong>\u00a0com o apoio de pessoas mais experientes.<\/span><\/p>\r\n[\/vc_column_text][vc_btn title=&#8221;Quero participar! \u26a1\ufe0f&#8221; style=&#8221;outline&#8221; shape=&#8221;round&#8221; color=&#8221;black&#8221; size=&#8221;lg&#8221; align=&#8221;left&#8221; css=&#8221;&#8221; link=&#8221;url:https%3A%2F%2Fforms.clickup.com%2F36968996%2Ff%2F1386h4-6551%2FOSA8GG0WNNQF7ILIXS|target:_blank&#8221;]<\/div><\/div><\/div><\/div><\/div><\/div><\/div><\/div>[\/vc_section]<\/div>","protected":false},"excerpt":{"rendered":"<p>[vc_section css=&#8221;.vc_custom_1767919603809{margin-top: 100px !important;}&#8221;][\/vc_section]<\/p>\n","protected":false},"author":1,"featured_media":0,"parent":0,"menu_order":0,"comment_status":"closed","ping_status":"closed","template":"","meta":{"_acf_changed":false,"wpupg_custom_link":[],"wpupg_custom_link_behaviour":["default"],"wpupg_custom_link_nofollow":["default"],"wpupg_custom_image":[],"wpupg_custom_image_id":[],"footnotes":""},"class_list":["post-106","page","type-page","status-publish"],"acf":[],"yoast_head":"<!-- This site is optimized with the Yoast SEO plugin v27.4 - https:\/\/yoast.com\/product\/yoast-seo-wordpress\/ -->\n<title>Inscreva-se - Coletivo TREVOUS<\/title>\n<meta name=\"robots\" content=\"index, follow, max-snippet:-1, max-image-preview:large, max-video-preview:-1\" \/>\n<link rel=\"canonical\" href=\"https:\/\/trevo.us\/coletivo\/inscreva-se\/\" \/>\n<meta property=\"og:locale\" content=\"pt_BR\" \/>\n<meta property=\"og:type\" content=\"article\" \/>\n<meta property=\"og:title\" content=\"Inscreva-se - Coletivo TREVOUS\" \/>\n<meta property=\"og:description\" content=\"[vc_section css=&#8221;.vc_custom_1767919603809{margin-top: 100px !important;}&#8221;][\/vc_section]\" \/>\n<meta property=\"og:url\" content=\"https:\/\/trevo.us\/coletivo\/inscreva-se\/\" \/>\n<meta property=\"og:site_name\" content=\"Coletivo TREVOUS\" \/>\n<meta property=\"article:modified_time\" content=\"2026-01-09T04:04:52+00:00\" \/>\n<meta name=\"twitter:card\" content=\"summary_large_image\" \/>\n<meta name=\"twitter:label1\" content=\"Est. tempo de leitura\" \/>\n\t<meta name=\"twitter:data1\" content=\"6 minutos\" \/>\n<script type=\"application\/ld+json\" class=\"yoast-schema-graph\">{\"@context\":\"https:\\\/\\\/schema.org\",\"@graph\":[{\"@type\":\"WebPage\",\"@id\":\"https:\\\/\\\/trevo.us\\\/coletivo\\\/inscreva-se\\\/\",\"url\":\"https:\\\/\\\/trevo.us\\\/coletivo\\\/inscreva-se\\\/\",\"name\":\"Inscreva-se - Coletivo TREVOUS\",\"isPartOf\":{\"@id\":\"https:\\\/\\\/trevo.us\\\/coletivo\\\/#website\"},\"datePublished\":\"2026-01-09T03:14:48+00:00\",\"dateModified\":\"2026-01-09T04:04:52+00:00\",\"breadcrumb\":{\"@id\":\"https:\\\/\\\/trevo.us\\\/coletivo\\\/inscreva-se\\\/#breadcrumb\"},\"inLanguage\":\"pt-BR\",\"potentialAction\":[{\"@type\":\"ReadAction\",\"target\":[\"https:\\\/\\\/trevo.us\\\/coletivo\\\/inscreva-se\\\/\"]}]},{\"@type\":\"BreadcrumbList\",\"@id\":\"https:\\\/\\\/trevo.us\\\/coletivo\\\/inscreva-se\\\/#breadcrumb\",\"itemListElement\":[{\"@type\":\"ListItem\",\"position\":1,\"name\":\"In\u00edcio\",\"item\":\"https:\\\/\\\/trevo.us\\\/coletivo\\\/\"},{\"@type\":\"ListItem\",\"position\":2,\"name\":\"Inscreva-se\"}]},{\"@type\":\"WebSite\",\"@id\":\"https:\\\/\\\/trevo.us\\\/coletivo\\\/#website\",\"url\":\"https:\\\/\\\/trevo.us\\\/coletivo\\\/\",\"name\":\"Coletivo TREVOUS\",\"description\":\"\",\"potentialAction\":[{\"@type\":\"SearchAction\",\"target\":{\"@type\":\"EntryPoint\",\"urlTemplate\":\"https:\\\/\\\/trevo.us\\\/coletivo\\\/?s={search_term_string}\"},\"query-input\":{\"@type\":\"PropertyValueSpecification\",\"valueRequired\":true,\"valueName\":\"search_term_string\"}}],\"inLanguage\":\"pt-BR\"}]}<\/script>\n<!-- \/ Yoast SEO plugin. -->","yoast_head_json":{"title":"Inscreva-se - Coletivo TREVOUS","robots":{"index":"index","follow":"follow","max-snippet":"max-snippet:-1","max-image-preview":"max-image-preview:large","max-video-preview":"max-video-preview:-1"},"canonical":"https:\/\/trevo.us\/coletivo\/inscreva-se\/","og_locale":"pt_BR","og_type":"article","og_title":"Inscreva-se - Coletivo TREVOUS","og_description":"[vc_section css=&#8221;.vc_custom_1767919603809{margin-top: 100px !important;}&#8221;][\/vc_section]","og_url":"https:\/\/trevo.us\/coletivo\/inscreva-se\/","og_site_name":"Coletivo TREVOUS","article_modified_time":"2026-01-09T04:04:52+00:00","twitter_card":"summary_large_image","twitter_misc":{"Est. tempo de leitura":"6 minutos"},"schema":{"@context":"https:\/\/schema.org","@graph":[{"@type":"WebPage","@id":"https:\/\/trevo.us\/coletivo\/inscreva-se\/","url":"https:\/\/trevo.us\/coletivo\/inscreva-se\/","name":"Inscreva-se - Coletivo TREVOUS","isPartOf":{"@id":"https:\/\/trevo.us\/coletivo\/#website"},"datePublished":"2026-01-09T03:14:48+00:00","dateModified":"2026-01-09T04:04:52+00:00","breadcrumb":{"@id":"https:\/\/trevo.us\/coletivo\/inscreva-se\/#breadcrumb"},"inLanguage":"pt-BR","potentialAction":[{"@type":"ReadAction","target":["https:\/\/trevo.us\/coletivo\/inscreva-se\/"]}]},{"@type":"BreadcrumbList","@id":"https:\/\/trevo.us\/coletivo\/inscreva-se\/#breadcrumb","itemListElement":[{"@type":"ListItem","position":1,"name":"In\u00edcio","item":"https:\/\/trevo.us\/coletivo\/"},{"@type":"ListItem","position":2,"name":"Inscreva-se"}]},{"@type":"WebSite","@id":"https:\/\/trevo.us\/coletivo\/#website","url":"https:\/\/trevo.us\/coletivo\/","name":"Coletivo TREVOUS","description":"","potentialAction":[{"@type":"SearchAction","target":{"@type":"EntryPoint","urlTemplate":"https:\/\/trevo.us\/coletivo\/?s={search_term_string}"},"query-input":{"@type":"PropertyValueSpecification","valueRequired":true,"valueName":"search_term_string"}}],"inLanguage":"pt-BR"}]}},"_links":{"self":[{"href":"https:\/\/trevo.us\/coletivo\/wp-json\/wp\/v2\/pages\/106","targetHints":{"allow":["GET"]}}],"collection":[{"href":"https:\/\/trevo.us\/coletivo\/wp-json\/wp\/v2\/pages"}],"about":[{"href":"https:\/\/trevo.us\/coletivo\/wp-json\/wp\/v2\/types\/page"}],"author":[{"embeddable":true,"href":"https:\/\/trevo.us\/coletivo\/wp-json\/wp\/v2\/users\/1"}],"replies":[{"embeddable":true,"href":"https:\/\/trevo.us\/coletivo\/wp-json\/wp\/v2\/comments?post=106"}],"version-history":[{"count":6,"href":"https:\/\/trevo.us\/coletivo\/wp-json\/wp\/v2\/pages\/106\/revisions"}],"predecessor-version":[{"id":163,"href":"https:\/\/trevo.us\/coletivo\/wp-json\/wp\/v2\/pages\/106\/revisions\/163"}],"wp:attachment":[{"href":"https:\/\/trevo.us\/coletivo\/wp-json\/wp\/v2\/media?parent=106"}],"curies":[{"name":"wp","href":"https:\/\/api.w.org\/{rel}","templated":true}]}}