{"id":24,"date":"2022-04-21T00:20:59","date_gmt":"2022-04-21T03:20:59","guid":{"rendered":"https:\/\/trvs.co\/?page_id=24"},"modified":"2026-04-23T01:37:37","modified_gmt":"2026-04-23T04:37:37","slug":"trevous-filmes","status":"publish","type":"page","link":"https:\/\/trevo.us\/filmes\/","title":{"rendered":"TREVOUS Filmes"},"content":{"rendered":"<div class=\"wpb-content-wrapper\"><div id=\"tdi_1\" class=\"tdc-row\"><div class=\"vc_row vc_custom_1767906543379 tdi_2  wpb_row td-pb-row\" >\n<style scoped>\n\/* custom css - generated by TagDiv Composer *\/\n\n\/* tdc_composer_block - inline css att *\/\n.vc_custom_1767906543379{margin-top: 80px !important;}\n\/* custom css - generated by TagDiv Composer *\/\n.tdi_2,\r\n                .tdi_2 .tdc-columns{\r\n                    min-height: 0;\r\n                }.tdi_2,\r\n\t\t\t\t.tdi_2 .tdc-columns{\r\n\t\t\t\t    display: block;\r\n\t\t\t\t}.tdi_2 .tdc-columns{\r\n\t\t\t\t    width: 100%;\r\n\t\t\t\t}.tdi_2:before,\r\n\t\t\t\t.tdi_2:after{\r\n\t\t\t\t    display: table;\r\n\t\t\t\t}\n<\/style><div class=\"vc_column tdi_4  wpb_column vc_column_container tdc-column td-pb-span12\">\n<style scoped>\n\/* custom css - generated by TagDiv Composer *\/\n\n\/* custom css - generated by TagDiv Composer *\/\n.tdi_4{\r\n                    vertical-align: baseline;\r\n                }.tdi_4 > .wpb_wrapper,\r\n\t\t\t\t.tdi_4 > .wpb_wrapper > .tdc-elements{\r\n\t\t\t\t    display: block;\r\n\t\t\t\t}.tdi_4 > .wpb_wrapper > .tdc-elements{\r\n\t\t\t\t    width: 100%;\r\n\t\t\t\t}.tdi_4 > .wpb_wrapper > .vc_row_inner{\r\n\t\t\t\t    width: auto;\r\n\t\t\t\t}.tdi_4 > .wpb_wrapper{\r\n\t\t\t\t    width: auto;\r\n\t\t\t\t    height: auto;\r\n\t\t\t\t}\n<\/style><div class=\"wpb_wrapper\" ><div class=\"vc_row_inner tdi_6  vc_row vc_inner wpb_row td-pb-row\" >\n<style scoped>\n\/* custom css - generated by TagDiv Composer *\/\n\n\/* custom css - generated by TagDiv Composer *\/\n.tdi_6{\r\n                    position: relative !important;\r\n                    top: 0;\r\n                    transform: none;\r\n                    -webkit-transform: none;\r\n                }.tdi_6,\r\n\t\t\t\t.tdi_6 .tdc-inner-columns{\r\n\t\t\t\t    display: block;\r\n\t\t\t\t}.tdi_6 .tdc-inner-columns{\r\n\t\t\t\t    width: 100%;\r\n\t\t\t\t}\n<\/style><div class=\"vc_column_inner tdi_8  wpb_column vc_column_container tdc-inner-column td-pb-span4\">\n<style scoped>\n\/* custom css - generated by TagDiv Composer *\/\n\n\/* custom css - generated by TagDiv Composer *\/\n.tdi_8{\r\n                    vertical-align: baseline;\r\n                }.tdi_8 .vc_column-inner > .wpb_wrapper,\r\n\t\t\t\t.tdi_8 .vc_column-inner > .wpb_wrapper .tdc-elements{\r\n\t\t\t\t    display: block;\r\n\t\t\t\t}.tdi_8 .vc_column-inner > .wpb_wrapper .tdc-elements{\r\n\t\t\t\t    width: 100%;\r\n\t\t\t\t}\n<\/style><div class=\"vc_column-inner\"><div class=\"wpb_wrapper\" >[vc_single_image image=&#8221;12964&#8243; img_size=&#8221;full&#8221; style=&#8221;vc_box_rounded&#8221; css=&#8221;&#8221;]<\/div><\/div><\/div><div class=\"vc_column_inner tdi_10  wpb_column vc_column_container tdc-inner-column td-pb-span8\">\n<style scoped>\n\/* custom css - generated by TagDiv Composer *\/\n\n\/* custom css - generated by TagDiv Composer *\/\n.tdi_10{\r\n                    vertical-align: baseline;\r\n                }.tdi_10 .vc_column-inner > .wpb_wrapper,\r\n\t\t\t\t.tdi_10 .vc_column-inner > .wpb_wrapper .tdc-elements{\r\n\t\t\t\t    display: block;\r\n\t\t\t\t}.tdi_10 .vc_column-inner > .wpb_wrapper .tdc-elements{\r\n\t\t\t\t    width: 100%;\r\n\t\t\t\t}\n<\/style><div class=\"vc_column-inner\"><div class=\"wpb_wrapper\" >[vc_column_text css=&#8221;&#8221;]\r\n<h3 style=\"text-align: justify;\">N\u00f3s somos a <strong>TREVOUS Filmes<\/strong>, o bra\u00e7o audiovisual do\u00a0<a href=\"https:\/\/trevo.us\/coletivo\" target=\"_blank\" rel=\"noopener\"><strong>Coletivo TREVOUS<\/strong><\/a>. Acreditamos que a produ\u00e7\u00e3o de conte\u00fado \u00e9 um ato de energia e esfor\u00e7o coletivo. \u00c9 por isso que nos unimos a pessoas com diferentes pontos de vista, que desejam contribuir para a produ\u00e7\u00e3o de filmes, fotografias, m\u00fasicas, textos, ilustra\u00e7\u00f5es e outras manifesta\u00e7\u00f5es art\u00edsticas independentes.<\/h3>\r\n<h3 style=\"text-align: justify;\">Acreditamos na comunica\u00e7\u00e3o assertiva e no poder das ideias, independentemente do tamanho da produ\u00e7\u00e3o ou dos recursos dispon\u00edveis. Porque, para n\u00f3s, o que realmente importa \u00e9 a for\u00e7a da nossa colabora\u00e7\u00e3o.<\/h3>\r\n[\/vc_column_text]<\/div><\/div><\/div><\/div><div class=\"vc_row_inner tdi_12  vc_row vc_inner wpb_row td-pb-row\" >\n<style scoped>\n\/* custom css - generated by TagDiv Composer *\/\n\n\/* custom css - generated by TagDiv Composer *\/\n.tdi_12{\r\n                    position: relative !important;\r\n                    top: 0;\r\n                    transform: none;\r\n                    -webkit-transform: none;\r\n                }.tdi_12,\r\n\t\t\t\t.tdi_12 .tdc-inner-columns{\r\n\t\t\t\t    display: block;\r\n\t\t\t\t}.tdi_12 .tdc-inner-columns{\r\n\t\t\t\t    width: 100%;\r\n\t\t\t\t}\n<\/style><div class=\"vc_column_inner tdi_14  wpb_column vc_column_container tdc-inner-column td-pb-span12\">\n<style scoped>\n\/* custom css - generated by TagDiv Composer *\/\n\n\/* custom css - generated by TagDiv Composer *\/\n.tdi_14{\r\n                    vertical-align: baseline;\r\n                }.tdi_14 .vc_column-inner > .wpb_wrapper,\r\n\t\t\t\t.tdi_14 .vc_column-inner > .wpb_wrapper .tdc-elements{\r\n\t\t\t\t    display: block;\r\n\t\t\t\t}.tdi_14 .vc_column-inner > .wpb_wrapper .tdc-elements{\r\n\t\t\t\t    width: 100%;\r\n\t\t\t\t}\n<\/style><div class=\"vc_column-inner\"><div class=\"wpb_wrapper\" >[vc_column_text css=&#8221;&#8221;]\r\n<h3 style=\"text-align: justify;\"><strong>Coletividade em primeiro lugar<\/strong>\r\nO nosso m\u00e9todo de trabalho se baseia na import\u00e2ncia da coletividade e no respeito a cada membro. Produzir \u00e9 um esfor\u00e7o conjunto, e por isso, o compartilhamento de conhecimento n\u00e3o \u00e9 uma op\u00e7\u00e3o, \u00e9 um valor fundamental.<\/h3>\r\n[\/vc_column_text][vc_column_text css=&#8221;&#8221;]\r\n<h3 style=\"text-align: justify;\"><strong>Diversidade de cria\u00e7\u00e3o<\/strong>\r\nN\u00e3o nos limitamos a um \u00fanico formato. exploramos diversos caminhos, desde a produ\u00e7\u00e3o de v\u00eddeos institucionais at\u00e9 o desenvolvimento de projetos originais como a\u00a0<strong style=\"font-family: Verdana, BlinkMacSystemFont, -apple-system, 'Segoe UI', Roboto, Oxygen, Ubuntu, Cantarell, 'Open Sans', 'Helvetica Neue', sans-serif;\"><a href=\"https:\/\/cozinhatrevous.com.br\/\" target=\"_blank\" rel=\"noopener\">Cozinha TREVOUS<\/a>\u00a0<\/strong><span style=\"font-family: Verdana, BlinkMacSystemFont, -apple-system, 'Segoe UI', Roboto, Oxygen, Ubuntu, Cantarell, 'Open Sans', 'Helvetica Neue', sans-serif;\">e a\u00a0<\/span><strong style=\"font-family: Verdana, BlinkMacSystemFont, -apple-system, 'Segoe UI', Roboto, Oxygen, Ubuntu, Cantarell, 'Open Sans', 'Helvetica Neue', sans-serif;\"><a href=\"https:\/\/trevo.us\/\" target=\"_blank\" rel=\"noopener\">TREVOUS Zine<\/a><\/strong><span style=\"font-family: Verdana, BlinkMacSystemFont, -apple-system, 'Segoe UI', Roboto, Oxygen, Ubuntu, Cantarell, 'Open Sans', 'Helvetica Neue', sans-serif;\">, nossa revista digital de arte e cultura.<\/span><\/h3>\r\n[\/vc_column_text][vc_column_text css=&#8221;&#8221;]\r\n<h3 style=\"text-align: justify;\"><strong>Sustentabilidade e independ\u00eancia\r\n<\/strong>Nossa estrutura foi criada para que possamos ser autossuficientes e continuar a criar. Valorizamos a liberdade art\u00edstica e a capacidade de realizar projetos sem fins lucrativos, impulsionando a criatividade e a inova\u00e7\u00e3o.<\/h3>\r\n[\/vc_column_text][vc_column_text css=&#8221;&#8221;]\r\n<h3 style=\"text-align: justify;\"><strong>Apoio e crescimento m\u00fatuo<\/strong>\r\nA TREVOUS Filmes existe para gerar receita e sustentar os projetos do coletivo. Nosso objetivo \u00e9 priorizar nossos membros para trabalhos remunerados, garantindo que o talento do coletivo seja valorizado.<\/h3>\r\n[\/vc_column_text]<\/div><\/div><\/div><\/div><\/div><\/div><\/div><\/div><\/div>","protected":false},"excerpt":{"rendered":"[vc_single_image image=\"12964\" img_size=\"full\" style=\"vc_box_rounded\" css=\"\"] [vc_column_text css=\"\"] N\u00f3s somos a TREVOUS Filmes, o bra\u00e7o audiovisual do\u00a0Coletivo TREVOUS. Acreditamos que a produ\u00e7\u00e3o de conte\u00fado \u00e9 um ato de energia e esfor\u00e7o coletivo. \u00c9 por isso que nos unimos a pessoas com diferentes pontos de vista, que desejam contribuir para a produ\u00e7\u00e3o de filmes, fotografias, m\u00fasicas, textos, [...]","protected":false},"author":1,"featured_media":12961,"parent":0,"menu_order":0,"comment_status":"closed","ping_status":"closed","template":"","meta":{"_acf_changed":false,"wpupg_custom_link":[],"wpupg_custom_link_behaviour":["default"],"wpupg_custom_link_nofollow":["default"],"wpupg_custom_image":[],"wpupg_custom_image_id":[],"footnotes":"","_links_to":"","_links_to_target":""},"class_list":["post-24","page","type-page","status-publish","has-post-thumbnail"],"acf":[],"yoast_head":"<!-- This site is optimized with the Yoast SEO plugin v27.5 - https:\/\/yoast.com\/product\/yoast-seo-wordpress\/ -->\n<title>TREVOUS Filmes<\/title>\n<meta name=\"description\" content=\"Somos a TREVOUS Filmes, bra\u00e7o audiovisual do Coletivo TREVOUS. Acreditamos que a produ\u00e7\u00e3o de conte\u00fado \u00e9 um ato de energia e esfor\u00e7o coletivo.\" \/>\n<meta name=\"robots\" content=\"index, follow, max-snippet:-1, max-image-preview:large, max-video-preview:-1\" \/>\n<link rel=\"canonical\" href=\"https:\/\/trevo.us\/filmes\/\" \/>\n<meta property=\"og:locale\" content=\"pt_BR\" \/>\n<meta property=\"og:type\" content=\"article\" \/>\n<meta property=\"og:title\" content=\"TREVOUS Filmes\" \/>\n<meta property=\"og:description\" content=\"Somos a TREVOUS Filmes, bra\u00e7o audiovisual do Coletivo TREVOUS. Acreditamos que a produ\u00e7\u00e3o de conte\u00fado \u00e9 um ato de energia e esfor\u00e7o coletivo.\" \/>\n<meta property=\"og:url\" content=\"https:\/\/trevo.us\/filmes\/\" \/>\n<meta property=\"og:site_name\" content=\"TREVOUS Filmes\" \/>\n<meta property=\"article:modified_time\" content=\"2026-04-23T04:37:37+00:00\" \/>\n<meta property=\"og:image\" content=\"https:\/\/trevo.us\/filmes\/wp-content\/uploads\/sites\/4\/2025\/05\/T-logo-trevous-preto-fundo-P.png\" \/>\n\t<meta property=\"og:image:width\" content=\"1080\" \/>\n\t<meta property=\"og:image:height\" content=\"1080\" \/>\n\t<meta property=\"og:image:type\" content=\"image\/png\" \/>\n<meta name=\"twitter:card\" content=\"summary_large_image\" \/>\n<meta name=\"twitter:label1\" content=\"Est. tempo de leitura\" \/>\n\t<meta name=\"twitter:data1\" content=\"2 minutos\" \/>\n<script type=\"application\/ld+json\" class=\"yoast-schema-graph\">{\"@context\":\"https:\\\/\\\/schema.org\",\"@graph\":[{\"@type\":\"WebPage\",\"@id\":\"https:\\\/\\\/trevo.us\\\/filmes\\\/\",\"url\":\"https:\\\/\\\/trevo.us\\\/filmes\\\/\",\"name\":\"TREVOUS Filmes\",\"isPartOf\":{\"@id\":\"https:\\\/\\\/trevo.us\\\/filmes\\\/#website\"},\"primaryImageOfPage\":{\"@id\":\"https:\\\/\\\/trevo.us\\\/filmes\\\/#primaryimage\"},\"image\":{\"@id\":\"https:\\\/\\\/trevo.us\\\/filmes\\\/#primaryimage\"},\"thumbnailUrl\":\"https:\\\/\\\/trevo.us\\\/filmes\\\/wp-content\\\/uploads\\\/sites\\\/4\\\/2025\\\/05\\\/T-logo-trevous-preto-fundo-P.png\",\"datePublished\":\"2022-04-21T03:20:59+00:00\",\"dateModified\":\"2026-04-23T04:37:37+00:00\",\"description\":\"Somos a TREVOUS Filmes, bra\u00e7o audiovisual do Coletivo TREVOUS. Acreditamos que a produ\u00e7\u00e3o de conte\u00fado \u00e9 um ato de energia e esfor\u00e7o coletivo.\",\"breadcrumb\":{\"@id\":\"https:\\\/\\\/trevo.us\\\/filmes\\\/#breadcrumb\"},\"inLanguage\":\"pt-BR\",\"potentialAction\":[{\"@type\":\"ReadAction\",\"target\":[\"https:\\\/\\\/trevo.us\\\/filmes\\\/\"]}]},{\"@type\":\"ImageObject\",\"inLanguage\":\"pt-BR\",\"@id\":\"https:\\\/\\\/trevo.us\\\/filmes\\\/#primaryimage\",\"url\":\"https:\\\/\\\/trevo.us\\\/filmes\\\/wp-content\\\/uploads\\\/sites\\\/4\\\/2025\\\/05\\\/T-logo-trevous-preto-fundo-P.png\",\"contentUrl\":\"https:\\\/\\\/trevo.us\\\/filmes\\\/wp-content\\\/uploads\\\/sites\\\/4\\\/2025\\\/05\\\/T-logo-trevous-preto-fundo-P.png\",\"width\":1080,\"height\":1080},{\"@type\":\"BreadcrumbList\",\"@id\":\"https:\\\/\\\/trevo.us\\\/filmes\\\/#breadcrumb\",\"itemListElement\":[{\"@type\":\"ListItem\",\"position\":1,\"name\":\"In\u00edcio\",\"item\":\"https:\\\/\\\/trevo.us\\\/filmes\\\/\"},{\"@type\":\"ListItem\",\"position\":2,\"name\":\"TREVOUS Filmes\"}]},{\"@type\":\"WebSite\",\"@id\":\"https:\\\/\\\/trevo.us\\\/filmes\\\/#website\",\"url\":\"https:\\\/\\\/trevo.us\\\/filmes\\\/\",\"name\":\"TREVOUS Filmes\",\"description\":\"\",\"potentialAction\":[{\"@type\":\"SearchAction\",\"target\":{\"@type\":\"EntryPoint\",\"urlTemplate\":\"https:\\\/\\\/trevo.us\\\/filmes\\\/?s={search_term_string}\"},\"query-input\":{\"@type\":\"PropertyValueSpecification\",\"valueRequired\":true,\"valueName\":\"search_term_string\"}}],\"inLanguage\":\"pt-BR\"}]}<\/script>\n<!-- \/ Yoast SEO plugin. -->","yoast_head_json":{"title":"TREVOUS Filmes","description":"Somos a TREVOUS Filmes, bra\u00e7o audiovisual do Coletivo TREVOUS. Acreditamos que a produ\u00e7\u00e3o de conte\u00fado \u00e9 um ato de energia e esfor\u00e7o coletivo.","robots":{"index":"index","follow":"follow","max-snippet":"max-snippet:-1","max-image-preview":"max-image-preview:large","max-video-preview":"max-video-preview:-1"},"canonical":"https:\/\/trevo.us\/filmes\/","og_locale":"pt_BR","og_type":"article","og_title":"TREVOUS Filmes","og_description":"Somos a TREVOUS Filmes, bra\u00e7o audiovisual do Coletivo TREVOUS. Acreditamos que a produ\u00e7\u00e3o de conte\u00fado \u00e9 um ato de energia e esfor\u00e7o coletivo.","og_url":"https:\/\/trevo.us\/filmes\/","og_site_name":"TREVOUS Filmes","article_modified_time":"2026-04-23T04:37:37+00:00","og_image":[{"width":1080,"height":1080,"url":"https:\/\/trevo.us\/filmes\/wp-content\/uploads\/sites\/4\/2025\/05\/T-logo-trevous-preto-fundo-P.png","type":"image\/png"}],"twitter_card":"summary_large_image","twitter_misc":{"Est. tempo de leitura":"2 minutos"},"schema":{"@context":"https:\/\/schema.org","@graph":[{"@type":"WebPage","@id":"https:\/\/trevo.us\/filmes\/","url":"https:\/\/trevo.us\/filmes\/","name":"TREVOUS Filmes","isPartOf":{"@id":"https:\/\/trevo.us\/filmes\/#website"},"primaryImageOfPage":{"@id":"https:\/\/trevo.us\/filmes\/#primaryimage"},"image":{"@id":"https:\/\/trevo.us\/filmes\/#primaryimage"},"thumbnailUrl":"https:\/\/trevo.us\/filmes\/wp-content\/uploads\/sites\/4\/2025\/05\/T-logo-trevous-preto-fundo-P.png","datePublished":"2022-04-21T03:20:59+00:00","dateModified":"2026-04-23T04:37:37+00:00","description":"Somos a TREVOUS Filmes, bra\u00e7o audiovisual do Coletivo TREVOUS. Acreditamos que a produ\u00e7\u00e3o de conte\u00fado \u00e9 um ato de energia e esfor\u00e7o coletivo.","breadcrumb":{"@id":"https:\/\/trevo.us\/filmes\/#breadcrumb"},"inLanguage":"pt-BR","potentialAction":[{"@type":"ReadAction","target":["https:\/\/trevo.us\/filmes\/"]}]},{"@type":"ImageObject","inLanguage":"pt-BR","@id":"https:\/\/trevo.us\/filmes\/#primaryimage","url":"https:\/\/trevo.us\/filmes\/wp-content\/uploads\/sites\/4\/2025\/05\/T-logo-trevous-preto-fundo-P.png","contentUrl":"https:\/\/trevo.us\/filmes\/wp-content\/uploads\/sites\/4\/2025\/05\/T-logo-trevous-preto-fundo-P.png","width":1080,"height":1080},{"@type":"BreadcrumbList","@id":"https:\/\/trevo.us\/filmes\/#breadcrumb","itemListElement":[{"@type":"ListItem","position":1,"name":"In\u00edcio","item":"https:\/\/trevo.us\/filmes\/"},{"@type":"ListItem","position":2,"name":"TREVOUS Filmes"}]},{"@type":"WebSite","@id":"https:\/\/trevo.us\/filmes\/#website","url":"https:\/\/trevo.us\/filmes\/","name":"TREVOUS Filmes","description":"","potentialAction":[{"@type":"SearchAction","target":{"@type":"EntryPoint","urlTemplate":"https:\/\/trevo.us\/filmes\/?s={search_term_string}"},"query-input":{"@type":"PropertyValueSpecification","valueRequired":true,"valueName":"search_term_string"}}],"inLanguage":"pt-BR"}]}},"_links":{"self":[{"href":"https:\/\/trevo.us\/filmes\/wp-json\/wp\/v2\/pages\/24","targetHints":{"allow":["GET"]}}],"collection":[{"href":"https:\/\/trevo.us\/filmes\/wp-json\/wp\/v2\/pages"}],"about":[{"href":"https:\/\/trevo.us\/filmes\/wp-json\/wp\/v2\/types\/page"}],"author":[{"embeddable":true,"href":"https:\/\/trevo.us\/filmes\/wp-json\/wp\/v2\/users\/1"}],"replies":[{"embeddable":true,"href":"https:\/\/trevo.us\/filmes\/wp-json\/wp\/v2\/comments?post=24"}],"version-history":[{"count":25,"href":"https:\/\/trevo.us\/filmes\/wp-json\/wp\/v2\/pages\/24\/revisions"}],"predecessor-version":[{"id":13956,"href":"https:\/\/trevo.us\/filmes\/wp-json\/wp\/v2\/pages\/24\/revisions\/13956"}],"wp:featuredmedia":[{"embeddable":true,"href":"https:\/\/trevo.us\/filmes\/wp-json\/wp\/v2\/media\/12961"}],"wp:attachment":[{"href":"https:\/\/trevo.us\/filmes\/wp-json\/wp\/v2\/media?parent=24"}],"curies":[{"name":"wp","href":"https:\/\/api.w.org\/{rel}","templated":true}]}}