{"id":31,"date":"2022-04-21T00:21:57","date_gmt":"2022-04-21T03:21:57","guid":{"rendered":"https:\/\/trvs.co\/?page_id=31"},"modified":"2022-04-21T00:21:57","modified_gmt":"2022-04-21T03:21:57","slug":"projetos","status":"publish","type":"page","link":"https:\/\/trevo.us\/filmes\/projetos\/","title":{"rendered":"Projetos"},"content":{"rendered":"<div class=\"wpb-content-wrapper\"><div id=\"tdi_1\" class=\"tdc-row\"><div class=\"vc_row tdi_2  wpb_row td-pb-row\" >\n<style scoped>\n\/* custom css - generated by TagDiv Composer *\/\n\n\/* custom css - generated by TagDiv Composer *\/\n.tdi_2,\r\n                .tdi_2 .tdc-columns{\r\n                    min-height: 0;\r\n                }.tdi_2,\r\n\t\t\t\t.tdi_2 .tdc-columns{\r\n\t\t\t\t    display: block;\r\n\t\t\t\t}.tdi_2 .tdc-columns{\r\n\t\t\t\t    width: 100%;\r\n\t\t\t\t}.tdi_2:before,\r\n\t\t\t\t.tdi_2:after{\r\n\t\t\t\t    display: table;\r\n\t\t\t\t}\n<\/style><div class=\"vc_column tdi_4  wpb_column vc_column_container tdc-column td-pb-span12\">\n<style scoped>\n\/* custom css - generated by TagDiv Composer *\/\n\n\/* custom css - generated by TagDiv Composer *\/\n.tdi_4{\r\n                    vertical-align: baseline;\r\n                }.tdi_4 > .wpb_wrapper,\r\n\t\t\t\t.tdi_4 > .wpb_wrapper > .tdc-elements{\r\n\t\t\t\t    display: block;\r\n\t\t\t\t}.tdi_4 > .wpb_wrapper > .tdc-elements{\r\n\t\t\t\t    width: 100%;\r\n\t\t\t\t}.tdi_4 > .wpb_wrapper > .vc_row_inner{\r\n\t\t\t\t    width: auto;\r\n\t\t\t\t}.tdi_4 > .wpb_wrapper{\r\n\t\t\t\t    width: auto;\r\n\t\t\t\t    height: auto;\r\n\t\t\t\t}\n<\/style><div class=\"wpb_wrapper\" >[impeka_empty_space height_multiplier=&#8221;4x&#8221;][impeka_title heading_tag=&#8221;h2&#8243; heading=&#8221;h2&#8243;]<span class=\"notion-enable-hover\" data-token-index=\"0\" data-reactroot=\"\">TREVOUS Zine\u00a0<\/span>[\/impeka_title][impeka_empty_space height_multiplier=&#8221;2x&#8221;]<div class=\"vc_row_inner tdi_6  vc_row vc_inner wpb_row td-pb-row\" >\n<style scoped>\n\/* custom css - generated by TagDiv Composer *\/\n\n\/* custom css - generated by TagDiv Composer *\/\n.tdi_6{\r\n                    position: relative !important;\r\n                    top: 0;\r\n                    transform: none;\r\n                    -webkit-transform: none;\r\n                }.tdi_6,\r\n\t\t\t\t.tdi_6 .tdc-inner-columns{\r\n\t\t\t\t    display: block;\r\n\t\t\t\t}.tdi_6 .tdc-inner-columns{\r\n\t\t\t\t    width: 100%;\r\n\t\t\t\t}\n<\/style><div class=\"vc_column_inner tdi_8  wpb_column vc_column_container tdc-inner-column td-pb-span4\">\n<style scoped>\n\/* custom css - generated by TagDiv Composer *\/\n\n\/* custom css - generated by TagDiv Composer *\/\n.tdi_8{\r\n                    vertical-align: baseline;\r\n                }.tdi_8 .vc_column-inner > .wpb_wrapper,\r\n\t\t\t\t.tdi_8 .vc_column-inner > .wpb_wrapper .tdc-elements{\r\n\t\t\t\t    display: block;\r\n\t\t\t\t}.tdi_8 .vc_column-inner > .wpb_wrapper .tdc-elements{\r\n\t\t\t\t    width: 100%;\r\n\t\t\t\t}\n<\/style><div class=\"vc_column-inner\"><div class=\"wpb_wrapper\" >[impeka_title heading=&#8221;h4&#8243;]<span class=\"notion-enable-hover\" data-token-index=\"0\" data-reactroot=\"\">Uma revista digital feita para voc\u00ea que respira e vive arte.<\/span>[\/impeka_title][vc_column_text]<strong><span class=\"notion-enable-hover\" data-token-index=\"0\" data-reactroot=\"\">TREVOUS<\/span><\/strong> \u00e9 um zine on-line totalmente colaborativo voltado para o seguimento de artes e cultura. Se voc\u00ea gosta de cinema e literatura leiam alguns de nossos artigos, contos ou p\u00edlulas.[\/vc_column_text][impeka_empty_space][impeka_button btn_text=&#8221;Conhe\u00e7a o TREVOUS&#8221; btn_type=&#8221;only-text&#8221; btn_color=&#8221;black&#8221; btn_link=&#8221;url:https%3A%2F%2Ftrevo.us|target:_blank&#8221; btn_icon_type=&#8221;icon-svg&#8221; btn_svg_icon_shape=&#8221;circle&#8221; btn_icon_shape=&#8221;circle&#8221;]<\/div><\/div><\/div><div class=\"vc_column_inner tdi_10  wpb_column vc_column_container tdc-inner-column td-pb-span8\">\n<style scoped>\n\/* custom css - generated by TagDiv Composer *\/\n\n\/* custom css - generated by TagDiv Composer *\/\n.tdi_10{\r\n                    vertical-align: baseline;\r\n                }.tdi_10 .vc_column-inner > .wpb_wrapper,\r\n\t\t\t\t.tdi_10 .vc_column-inner > .wpb_wrapper .tdc-elements{\r\n\t\t\t\t    display: block;\r\n\t\t\t\t}.tdi_10 .vc_column-inner > .wpb_wrapper .tdc-elements{\r\n\t\t\t\t    width: 100%;\r\n\t\t\t\t}\n<\/style><div class=\"vc_column-inner\"><div class=\"wpb_wrapper\" >[impeka_single_image image_mode=&#8221;medium_large&#8221; image=&#8221;8219&#8243; image_column_space=&#8221;100&#8243; inherit_align=&#8221;right&#8221;]<\/div><\/div><\/div><\/div>[impeka_empty_space height_multiplier=&#8221;2x&#8221;]<\/div><\/div><\/div><\/div><div id=\"tdi_11\" class=\"tdc-row\"><div class=\"vc_row tdi_12  wpb_row td-pb-row\" >\n<style scoped>\n\/* custom css - generated by TagDiv Composer *\/\n\n\/* custom css - generated by TagDiv Composer *\/\n.tdi_12,\r\n                .tdi_12 .tdc-columns{\r\n                    min-height: 0;\r\n                }.tdi_12,\r\n\t\t\t\t.tdi_12 .tdc-columns{\r\n\t\t\t\t    display: block;\r\n\t\t\t\t}.tdi_12 .tdc-columns{\r\n\t\t\t\t    width: 100%;\r\n\t\t\t\t}.tdi_12:before,\r\n\t\t\t\t.tdi_12:after{\r\n\t\t\t\t    display: table;\r\n\t\t\t\t}\n<\/style><div class=\"vc_column tdi_14  wpb_column vc_column_container tdc-column td-pb-span12\">\n<style scoped>\n\/* custom css - generated by TagDiv Composer *\/\n\n\/* custom css - generated by TagDiv Composer *\/\n.tdi_14{\r\n                    vertical-align: baseline;\r\n                }.tdi_14 > .wpb_wrapper,\r\n\t\t\t\t.tdi_14 > .wpb_wrapper > .tdc-elements{\r\n\t\t\t\t    display: block;\r\n\t\t\t\t}.tdi_14 > .wpb_wrapper > .tdc-elements{\r\n\t\t\t\t    width: 100%;\r\n\t\t\t\t}.tdi_14 > .wpb_wrapper > .vc_row_inner{\r\n\t\t\t\t    width: auto;\r\n\t\t\t\t}.tdi_14 > .wpb_wrapper{\r\n\t\t\t\t    width: auto;\r\n\t\t\t\t    height: auto;\r\n\t\t\t\t}\n<\/style><div class=\"wpb_wrapper\" >[impeka_empty_space height_multiplier=&#8221;4x&#8221;][impeka_title heading_tag=&#8221;h2&#8243; heading=&#8221;h2&#8243;]<span class=\"notion-enable-hover\" data-token-index=\"0\" data-reactroot=\"\">TREVOUS Filmes<\/span>[\/impeka_title][impeka_empty_space height_multiplier=&#8221;2x&#8221;]<div class=\"vc_row_inner tdi_16  vc_row vc_inner wpb_row td-pb-row\" >\n<style scoped>\n\/* custom css - generated by TagDiv Composer *\/\n\n\/* custom css - generated by TagDiv Composer *\/\n.tdi_16{\r\n                    position: relative !important;\r\n                    top: 0;\r\n                    transform: none;\r\n                    -webkit-transform: none;\r\n                }.tdi_16,\r\n\t\t\t\t.tdi_16 .tdc-inner-columns{\r\n\t\t\t\t    display: block;\r\n\t\t\t\t}.tdi_16 .tdc-inner-columns{\r\n\t\t\t\t    width: 100%;\r\n\t\t\t\t}\n<\/style><div class=\"vc_column_inner tdi_18  wpb_column vc_column_container tdc-inner-column td-pb-span4\">\n<style scoped>\n\/* custom css - generated by TagDiv Composer *\/\n\n\/* custom css - generated by TagDiv Composer *\/\n.tdi_18{\r\n                    vertical-align: baseline;\r\n                }.tdi_18 .vc_column-inner > .wpb_wrapper,\r\n\t\t\t\t.tdi_18 .vc_column-inner > .wpb_wrapper .tdc-elements{\r\n\t\t\t\t    display: block;\r\n\t\t\t\t}.tdi_18 .vc_column-inner > .wpb_wrapper .tdc-elements{\r\n\t\t\t\t    width: 100%;\r\n\t\t\t\t}\n<\/style><div class=\"vc_column-inner\"><div class=\"wpb_wrapper\" >[impeka_title heading=&#8221;h4&#8243;]<span class=\"notion-enable-hover\" data-token-index=\"0\" data-reactroot=\"\">Cinema com muita garra e pouca grana.<\/span>[\/impeka_title][vc_column_text]<strong>TREVOUS Filmes<\/strong> \u00e9 um espa\u00e7o para colocar em pr\u00e1tica a paix\u00e3o pelo cinema. Dedicado a cria\u00e7\u00e3o, desenvolvimento e produ\u00e7\u00e3o de projetos autorais, de parceiros ou colaboradores.[\/vc_column_text][impeka_empty_space][impeka_button btn_text=&#8221;E&#8230; a\u00e7\u00e3o!&#8221; btn_type=&#8221;only-text&#8221; btn_color=&#8221;black&#8221; btn_link=&#8221;url:https%3A%2F%2Fwww.youtube.com%2Ftrevous|target:_blank&#8221; btn_icon_type=&#8221;icon-svg&#8221; btn_svg_icon_shape=&#8221;circle&#8221; btn_icon_shape=&#8221;circle&#8221;]<\/div><\/div><\/div><div class=\"vc_column_inner tdi_20  wpb_column vc_column_container tdc-inner-column td-pb-span8\">\n<style scoped>\n\/* custom css - generated by TagDiv Composer *\/\n\n\/* custom css - generated by TagDiv Composer *\/\n.tdi_20{\r\n                    vertical-align: baseline;\r\n                }.tdi_20 .vc_column-inner > .wpb_wrapper,\r\n\t\t\t\t.tdi_20 .vc_column-inner > .wpb_wrapper .tdc-elements{\r\n\t\t\t\t    display: block;\r\n\t\t\t\t}.tdi_20 .vc_column-inner > .wpb_wrapper .tdc-elements{\r\n\t\t\t\t    width: 100%;\r\n\t\t\t\t}\n<\/style><div class=\"vc_column-inner\"><div class=\"wpb_wrapper\" >[impeka_single_image image_mode=&#8221;medium_large&#8221; image=&#8221;8218&#8243; image_column_space=&#8221;100&#8243; inherit_align=&#8221;right&#8221;]<\/div><\/div><\/div><\/div>[impeka_empty_space height_multiplier=&#8221;2x&#8221;]<\/div><\/div><\/div><\/div><div id=\"tdi_21\" class=\"tdc-row\"><div class=\"vc_row tdi_22  wpb_row td-pb-row\" >\n<style scoped>\n\/* custom css - generated by TagDiv Composer *\/\n\n\/* custom css - generated by TagDiv Composer *\/\n.tdi_22,\r\n                .tdi_22 .tdc-columns{\r\n                    min-height: 0;\r\n                }.tdi_22,\r\n\t\t\t\t.tdi_22 .tdc-columns{\r\n\t\t\t\t    display: block;\r\n\t\t\t\t}.tdi_22 .tdc-columns{\r\n\t\t\t\t    width: 100%;\r\n\t\t\t\t}.tdi_22:before,\r\n\t\t\t\t.tdi_22:after{\r\n\t\t\t\t    display: table;\r\n\t\t\t\t}\n<\/style><div class=\"vc_column tdi_24  wpb_column vc_column_container tdc-column td-pb-span12\">\n<style scoped>\n\/* custom css - generated by TagDiv Composer *\/\n\n\/* custom css - generated by TagDiv Composer *\/\n.tdi_24{\r\n                    vertical-align: baseline;\r\n                }.tdi_24 > .wpb_wrapper,\r\n\t\t\t\t.tdi_24 > .wpb_wrapper > .tdc-elements{\r\n\t\t\t\t    display: block;\r\n\t\t\t\t}.tdi_24 > .wpb_wrapper > .tdc-elements{\r\n\t\t\t\t    width: 100%;\r\n\t\t\t\t}.tdi_24 > .wpb_wrapper > .vc_row_inner{\r\n\t\t\t\t    width: auto;\r\n\t\t\t\t}.tdi_24 > .wpb_wrapper{\r\n\t\t\t\t    width: auto;\r\n\t\t\t\t    height: auto;\r\n\t\t\t\t}\n<\/style><div class=\"wpb_wrapper\" >[impeka_empty_space height_multiplier=&#8221;4x&#8221;][impeka_title heading_tag=&#8221;h2&#8243; heading=&#8221;h2&#8243;]<span class=\"notion-enable-hover\" data-token-index=\"0\" data-reactroot=\"\">Arcade TREVOUS\u00a0<\/span>[\/impeka_title][impeka_empty_space height_multiplier=&#8221;2x&#8221;]<div class=\"vc_row_inner tdi_26  vc_row vc_inner wpb_row td-pb-row\" >\n<style scoped>\n\/* custom css - generated by TagDiv Composer *\/\n\n\/* custom css - generated by TagDiv Composer *\/\n.tdi_26{\r\n                    position: relative !important;\r\n                    top: 0;\r\n                    transform: none;\r\n                    -webkit-transform: none;\r\n                }.tdi_26,\r\n\t\t\t\t.tdi_26 .tdc-inner-columns{\r\n\t\t\t\t    display: block;\r\n\t\t\t\t}.tdi_26 .tdc-inner-columns{\r\n\t\t\t\t    width: 100%;\r\n\t\t\t\t}\n<\/style><div class=\"vc_column_inner tdi_28  wpb_column vc_column_container tdc-inner-column td-pb-span4\">\n<style scoped>\n\/* custom css - generated by TagDiv Composer *\/\n\n\/* custom css - generated by TagDiv Composer *\/\n.tdi_28{\r\n                    vertical-align: baseline;\r\n                }.tdi_28 .vc_column-inner > .wpb_wrapper,\r\n\t\t\t\t.tdi_28 .vc_column-inner > .wpb_wrapper .tdc-elements{\r\n\t\t\t\t    display: block;\r\n\t\t\t\t}.tdi_28 .vc_column-inner > .wpb_wrapper .tdc-elements{\r\n\t\t\t\t    width: 100%;\r\n\t\t\t\t}\n<\/style><div class=\"vc_column-inner\"><div class=\"wpb_wrapper\" >[impeka_title heading=&#8221;h4&#8243;]<span class=\"notion-enable-hover\" data-token-index=\"0\" data-reactroot=\"\">Cria\u00e7\u00e3o de games interativos para celular.<\/span>[\/impeka_title][vc_column_text]<strong>Arcade TREVOUS<\/strong> nasceu<span class=\"discussion-id-bec6c16d-3b7b-4b31-b3cb-309eb1260662 notion-enable-hover\" data-token-index=\"1\" data-reactroot=\"\"> de uma parceria com a Campus Studio <\/span>e visa a cria\u00e7\u00e3o de jogos interativos. Nesta empreitada desenvolvemos nosso pr\u00f3prio m\u00e9todo de cria\u00e7\u00e3o de narrativas para games.[\/vc_column_text][impeka_empty_space][impeka_button btn_text=&#8221;Aperte o play!&#8221; btn_type=&#8221;only-text&#8221; btn_color=&#8221;black&#8221; btn_link=&#8221;url:https%3A%2F%2Ftrevo.us%2Farcade|target:_blank&#8221; btn_icon_type=&#8221;icon-svg&#8221; btn_svg_icon_shape=&#8221;circle&#8221; btn_icon_shape=&#8221;circle&#8221;]<\/div><\/div><\/div><div class=\"vc_column_inner tdi_30  wpb_column vc_column_container tdc-inner-column td-pb-span8\">\n<style scoped>\n\/* custom css - generated by TagDiv Composer *\/\n\n\/* custom css - generated by TagDiv Composer *\/\n.tdi_30{\r\n                    vertical-align: baseline;\r\n                }.tdi_30 .vc_column-inner > .wpb_wrapper,\r\n\t\t\t\t.tdi_30 .vc_column-inner > .wpb_wrapper .tdc-elements{\r\n\t\t\t\t    display: block;\r\n\t\t\t\t}.tdi_30 .vc_column-inner > .wpb_wrapper .tdc-elements{\r\n\t\t\t\t    width: 100%;\r\n\t\t\t\t}\n<\/style><div class=\"vc_column-inner\"><div class=\"wpb_wrapper\" >[impeka_single_image image_mode=&#8221;medium_large&#8221; image=&#8221;8216&#8243; image_column_space=&#8221;100&#8243; inherit_align=&#8221;right&#8221;]<\/div><\/div><\/div><\/div>[impeka_empty_space height_multiplier=&#8221;2x&#8221;]<\/div><\/div><\/div><\/div><div id=\"tdi_31\" class=\"tdc-row\"><div class=\"vc_row tdi_32  wpb_row td-pb-row\" >\n<style scoped>\n\/* custom css - generated by TagDiv Composer *\/\n\n\/* custom css - generated by TagDiv Composer *\/\n.tdi_32,\r\n                .tdi_32 .tdc-columns{\r\n                    min-height: 0;\r\n                }.tdi_32,\r\n\t\t\t\t.tdi_32 .tdc-columns{\r\n\t\t\t\t    display: block;\r\n\t\t\t\t}.tdi_32 .tdc-columns{\r\n\t\t\t\t    width: 100%;\r\n\t\t\t\t}.tdi_32:before,\r\n\t\t\t\t.tdi_32:after{\r\n\t\t\t\t    display: table;\r\n\t\t\t\t}\n<\/style><div class=\"vc_column tdi_34  wpb_column vc_column_container tdc-column td-pb-span12\">\n<style scoped>\n\/* custom css - generated by TagDiv Composer *\/\n\n\/* custom css - generated by TagDiv Composer *\/\n.tdi_34{\r\n                    vertical-align: baseline;\r\n                }.tdi_34 > .wpb_wrapper,\r\n\t\t\t\t.tdi_34 > .wpb_wrapper > .tdc-elements{\r\n\t\t\t\t    display: block;\r\n\t\t\t\t}.tdi_34 > .wpb_wrapper > .tdc-elements{\r\n\t\t\t\t    width: 100%;\r\n\t\t\t\t}.tdi_34 > .wpb_wrapper > .vc_row_inner{\r\n\t\t\t\t    width: auto;\r\n\t\t\t\t}.tdi_34 > .wpb_wrapper{\r\n\t\t\t\t    width: auto;\r\n\t\t\t\t    height: auto;\r\n\t\t\t\t}\n<\/style><div class=\"wpb_wrapper\" >[impeka_empty_space height_multiplier=&#8221;4x&#8221;][impeka_title heading_tag=&#8221;h2&#8243; heading=&#8221;h2&#8243;]<span class=\"notion-enable-hover\" data-token-index=\"0\" data-reactroot=\"\">Cozinha TREVOUS\u00a0<\/span>[\/impeka_title][impeka_empty_space height_multiplier=&#8221;2x&#8221;]<div class=\"vc_row_inner tdi_36  vc_row vc_inner wpb_row td-pb-row\" >\n<style scoped>\n\/* custom css - generated by TagDiv Composer *\/\n\n\/* custom css - generated by TagDiv Composer *\/\n.tdi_36{\r\n                    position: relative !important;\r\n                    top: 0;\r\n                    transform: none;\r\n                    -webkit-transform: none;\r\n                }.tdi_36,\r\n\t\t\t\t.tdi_36 .tdc-inner-columns{\r\n\t\t\t\t    display: block;\r\n\t\t\t\t}.tdi_36 .tdc-inner-columns{\r\n\t\t\t\t    width: 100%;\r\n\t\t\t\t}\n<\/style><div class=\"vc_column_inner tdi_38  wpb_column vc_column_container tdc-inner-column td-pb-span4\">\n<style scoped>\n\/* custom css - generated by TagDiv Composer *\/\n\n\/* custom css - generated by TagDiv Composer *\/\n.tdi_38{\r\n                    vertical-align: baseline;\r\n                }.tdi_38 .vc_column-inner > .wpb_wrapper,\r\n\t\t\t\t.tdi_38 .vc_column-inner > .wpb_wrapper .tdc-elements{\r\n\t\t\t\t    display: block;\r\n\t\t\t\t}.tdi_38 .vc_column-inner > .wpb_wrapper .tdc-elements{\r\n\t\t\t\t    width: 100%;\r\n\t\t\t\t}\n<\/style><div class=\"vc_column-inner\"><div class=\"wpb_wrapper\" >[impeka_title heading=&#8221;h4&#8243;]<span class=\"notion-enable-hover\" data-token-index=\"0\" data-reactroot=\"\">Experimenta\u00e7\u00f5es culin\u00e1rias no Instagram e no Youtube.<\/span>[\/impeka_title][vc_column_text]<strong>Cozinha TREVOUS<\/strong> \u00e9 um projeto autoral de <strong>Vin\u00edcius Tamer<\/strong> feito para o Instagram e YouTube. Nasceu do gosto por cozinhar e do desejo de experimentar novas receitas e sabores de forma despretensiosa.[\/vc_column_text][impeka_empty_space][impeka_button btn_text=&#8221;Experimente!&#8221; btn_type=&#8221;only-text&#8221; btn_color=&#8221;black&#8221; btn_link=&#8221;url:https%3A%2F%2Finstagram.com%2Fcozinhatrevous|target:_blank&#8221; btn_icon_type=&#8221;icon-svg&#8221; btn_svg_icon_shape=&#8221;circle&#8221; btn_icon_shape=&#8221;circle&#8221;]<\/div><\/div><\/div><div class=\"vc_column_inner tdi_40  wpb_column vc_column_container tdc-inner-column td-pb-span8\">\n<style scoped>\n\/* custom css - generated by TagDiv Composer *\/\n\n\/* custom css - generated by TagDiv Composer *\/\n.tdi_40{\r\n                    vertical-align: baseline;\r\n                }.tdi_40 .vc_column-inner > .wpb_wrapper,\r\n\t\t\t\t.tdi_40 .vc_column-inner > .wpb_wrapper .tdc-elements{\r\n\t\t\t\t    display: block;\r\n\t\t\t\t}.tdi_40 .vc_column-inner > .wpb_wrapper .tdc-elements{\r\n\t\t\t\t    width: 100%;\r\n\t\t\t\t}\n<\/style><div class=\"vc_column-inner\"><div class=\"wpb_wrapper\" >[impeka_single_image image_mode=&#8221;medium_large&#8221; image=&#8221;8217&#8243; image_column_space=&#8221;100&#8243; inherit_align=&#8221;right&#8221;]<\/div><\/div><\/div><\/div>[impeka_empty_space height_multiplier=&#8221;2x&#8221;]<\/div><\/div><\/div><\/div><\/div>","protected":false},"excerpt":{"rendered":"<p>Al\u00e9m de atender pessoas e empresas com nossos servi\u00e7os de produ\u00e7\u00e3o audiovisuais, tamb\u00e9m desenvolvemos nossos pr\u00f3prios projetos, confira!<\/p>\n","protected":false},"author":1,"featured_media":8149,"parent":0,"menu_order":0,"comment_status":"closed","ping_status":"closed","template":"","meta":{"_acf_changed":false,"wpupg_custom_link":[],"wpupg_custom_link_behaviour":[],"wpupg_custom_link_nofollow":[],"wpupg_custom_image":[],"wpupg_custom_image_id":[],"footnotes":"","_links_to":"","_links_to_target":""},"class_list":["post-31","page","type-page","status-publish","has-post-thumbnail"],"acf":[],"yoast_head":"<!-- This site is optimized with the Yoast SEO plugin v27.5 - https:\/\/yoast.com\/product\/yoast-seo-wordpress\/ -->\n<title>Projetos - TREVOUS Filmes<\/title>\n<meta name=\"description\" content=\"Al\u00e9m de atender pessoas e empresas com nossos servi\u00e7os de produ\u00e7\u00e3o audiovisuais, tamb\u00e9m desenvolvemos nossos pr\u00f3prios projetos, confira!\" \/>\n<meta name=\"robots\" content=\"index, follow, max-snippet:-1, max-image-preview:large, max-video-preview:-1\" \/>\n<link rel=\"canonical\" href=\"https:\/\/trevo.us\/filmes\/projetos\/\" \/>\n<meta property=\"og:locale\" content=\"pt_BR\" \/>\n<meta property=\"og:type\" content=\"article\" \/>\n<meta property=\"og:title\" content=\"Projetos - TREVOUS Filmes\" \/>\n<meta property=\"og:description\" content=\"Al\u00e9m de atender pessoas e empresas com nossos servi\u00e7os de produ\u00e7\u00e3o audiovisuais, tamb\u00e9m desenvolvemos nossos pr\u00f3prios projetos, confira!\" \/>\n<meta property=\"og:url\" content=\"https:\/\/trevo.us\/filmes\/projetos\/\" \/>\n<meta property=\"og:site_name\" content=\"TREVOUS Filmes\" \/>\n<meta property=\"og:image\" content=\"https:\/\/trevo.us\/filmes\/wp-content\/uploads\/sites\/4\/2022\/10\/servicos-001.jpg\" \/>\n\t<meta property=\"og:image:width\" content=\"1200\" \/>\n\t<meta property=\"og:image:height\" content=\"801\" \/>\n\t<meta property=\"og:image:type\" content=\"image\/jpeg\" \/>\n<meta name=\"twitter:card\" content=\"summary_large_image\" \/>\n<meta name=\"twitter:label1\" content=\"Est. tempo de leitura\" \/>\n\t<meta name=\"twitter:data1\" content=\"2 minutos\" \/>\n<script type=\"application\/ld+json\" class=\"yoast-schema-graph\">{\"@context\":\"https:\\\/\\\/schema.org\",\"@graph\":[{\"@type\":\"WebPage\",\"@id\":\"https:\\\/\\\/trevo.us\\\/filmes\\\/projetos\\\/\",\"url\":\"https:\\\/\\\/trevo.us\\\/filmes\\\/projetos\\\/\",\"name\":\"Projetos - TREVOUS Filmes\",\"isPartOf\":{\"@id\":\"https:\\\/\\\/trevo.us\\\/filmes\\\/#website\"},\"primaryImageOfPage\":{\"@id\":\"https:\\\/\\\/trevo.us\\\/filmes\\\/projetos\\\/#primaryimage\"},\"image\":{\"@id\":\"https:\\\/\\\/trevo.us\\\/filmes\\\/projetos\\\/#primaryimage\"},\"thumbnailUrl\":\"https:\\\/\\\/trevo.us\\\/filmes\\\/wp-content\\\/uploads\\\/sites\\\/4\\\/2022\\\/10\\\/servicos-001.jpg\",\"datePublished\":\"2022-04-21T03:21:57+00:00\",\"description\":\"Al\u00e9m de atender pessoas e empresas com nossos servi\u00e7os de produ\u00e7\u00e3o audiovisuais, tamb\u00e9m desenvolvemos nossos pr\u00f3prios projetos, confira!\",\"breadcrumb\":{\"@id\":\"https:\\\/\\\/trevo.us\\\/filmes\\\/projetos\\\/#breadcrumb\"},\"inLanguage\":\"pt-BR\",\"potentialAction\":[{\"@type\":\"ReadAction\",\"target\":[\"https:\\\/\\\/trevo.us\\\/filmes\\\/projetos\\\/\"]}]},{\"@type\":\"ImageObject\",\"inLanguage\":\"pt-BR\",\"@id\":\"https:\\\/\\\/trevo.us\\\/filmes\\\/projetos\\\/#primaryimage\",\"url\":\"https:\\\/\\\/trevo.us\\\/filmes\\\/wp-content\\\/uploads\\\/sites\\\/4\\\/2022\\\/10\\\/servicos-001.jpg\",\"contentUrl\":\"https:\\\/\\\/trevo.us\\\/filmes\\\/wp-content\\\/uploads\\\/sites\\\/4\\\/2022\\\/10\\\/servicos-001.jpg\",\"width\":1200,\"height\":801},{\"@type\":\"BreadcrumbList\",\"@id\":\"https:\\\/\\\/trevo.us\\\/filmes\\\/projetos\\\/#breadcrumb\",\"itemListElement\":[{\"@type\":\"ListItem\",\"position\":1,\"name\":\"In\u00edcio\",\"item\":\"https:\\\/\\\/trevo.us\\\/filmes\\\/\"},{\"@type\":\"ListItem\",\"position\":2,\"name\":\"Projetos\"}]},{\"@type\":\"WebSite\",\"@id\":\"https:\\\/\\\/trevo.us\\\/filmes\\\/#website\",\"url\":\"https:\\\/\\\/trevo.us\\\/filmes\\\/\",\"name\":\"TREVOUS Filmes\",\"description\":\"\",\"potentialAction\":[{\"@type\":\"SearchAction\",\"target\":{\"@type\":\"EntryPoint\",\"urlTemplate\":\"https:\\\/\\\/trevo.us\\\/filmes\\\/?s={search_term_string}\"},\"query-input\":{\"@type\":\"PropertyValueSpecification\",\"valueRequired\":true,\"valueName\":\"search_term_string\"}}],\"inLanguage\":\"pt-BR\"}]}<\/script>\n<!-- \/ Yoast SEO plugin. -->","yoast_head_json":{"title":"Projetos - TREVOUS Filmes","description":"Al\u00e9m de atender pessoas e empresas com nossos servi\u00e7os de produ\u00e7\u00e3o audiovisuais, tamb\u00e9m desenvolvemos nossos pr\u00f3prios projetos, confira!","robots":{"index":"index","follow":"follow","max-snippet":"max-snippet:-1","max-image-preview":"max-image-preview:large","max-video-preview":"max-video-preview:-1"},"canonical":"https:\/\/trevo.us\/filmes\/projetos\/","og_locale":"pt_BR","og_type":"article","og_title":"Projetos - TREVOUS Filmes","og_description":"Al\u00e9m de atender pessoas e empresas com nossos servi\u00e7os de produ\u00e7\u00e3o audiovisuais, tamb\u00e9m desenvolvemos nossos pr\u00f3prios projetos, confira!","og_url":"https:\/\/trevo.us\/filmes\/projetos\/","og_site_name":"TREVOUS Filmes","og_image":[{"width":1200,"height":801,"url":"https:\/\/trevo.us\/filmes\/wp-content\/uploads\/sites\/4\/2022\/10\/servicos-001.jpg","type":"image\/jpeg"}],"twitter_card":"summary_large_image","twitter_misc":{"Est. tempo de leitura":"2 minutos"},"schema":{"@context":"https:\/\/schema.org","@graph":[{"@type":"WebPage","@id":"https:\/\/trevo.us\/filmes\/projetos\/","url":"https:\/\/trevo.us\/filmes\/projetos\/","name":"Projetos - TREVOUS Filmes","isPartOf":{"@id":"https:\/\/trevo.us\/filmes\/#website"},"primaryImageOfPage":{"@id":"https:\/\/trevo.us\/filmes\/projetos\/#primaryimage"},"image":{"@id":"https:\/\/trevo.us\/filmes\/projetos\/#primaryimage"},"thumbnailUrl":"https:\/\/trevo.us\/filmes\/wp-content\/uploads\/sites\/4\/2022\/10\/servicos-001.jpg","datePublished":"2022-04-21T03:21:57+00:00","description":"Al\u00e9m de atender pessoas e empresas com nossos servi\u00e7os de produ\u00e7\u00e3o audiovisuais, tamb\u00e9m desenvolvemos nossos pr\u00f3prios projetos, confira!","breadcrumb":{"@id":"https:\/\/trevo.us\/filmes\/projetos\/#breadcrumb"},"inLanguage":"pt-BR","potentialAction":[{"@type":"ReadAction","target":["https:\/\/trevo.us\/filmes\/projetos\/"]}]},{"@type":"ImageObject","inLanguage":"pt-BR","@id":"https:\/\/trevo.us\/filmes\/projetos\/#primaryimage","url":"https:\/\/trevo.us\/filmes\/wp-content\/uploads\/sites\/4\/2022\/10\/servicos-001.jpg","contentUrl":"https:\/\/trevo.us\/filmes\/wp-content\/uploads\/sites\/4\/2022\/10\/servicos-001.jpg","width":1200,"height":801},{"@type":"BreadcrumbList","@id":"https:\/\/trevo.us\/filmes\/projetos\/#breadcrumb","itemListElement":[{"@type":"ListItem","position":1,"name":"In\u00edcio","item":"https:\/\/trevo.us\/filmes\/"},{"@type":"ListItem","position":2,"name":"Projetos"}]},{"@type":"WebSite","@id":"https:\/\/trevo.us\/filmes\/#website","url":"https:\/\/trevo.us\/filmes\/","name":"TREVOUS Filmes","description":"","potentialAction":[{"@type":"SearchAction","target":{"@type":"EntryPoint","urlTemplate":"https:\/\/trevo.us\/filmes\/?s={search_term_string}"},"query-input":{"@type":"PropertyValueSpecification","valueRequired":true,"valueName":"search_term_string"}}],"inLanguage":"pt-BR"}]}},"_links":{"self":[{"href":"https:\/\/trevo.us\/filmes\/wp-json\/wp\/v2\/pages\/31","targetHints":{"allow":["GET"]}}],"collection":[{"href":"https:\/\/trevo.us\/filmes\/wp-json\/wp\/v2\/pages"}],"about":[{"href":"https:\/\/trevo.us\/filmes\/wp-json\/wp\/v2\/types\/page"}],"author":[{"embeddable":true,"href":"https:\/\/trevo.us\/filmes\/wp-json\/wp\/v2\/users\/1"}],"replies":[{"embeddable":true,"href":"https:\/\/trevo.us\/filmes\/wp-json\/wp\/v2\/comments?post=31"}],"version-history":[{"count":0,"href":"https:\/\/trevo.us\/filmes\/wp-json\/wp\/v2\/pages\/31\/revisions"}],"wp:featuredmedia":[{"embeddable":true,"href":"https:\/\/trevo.us\/filmes\/wp-json\/wp\/v2\/media\/8149"}],"wp:attachment":[{"href":"https:\/\/trevo.us\/filmes\/wp-json\/wp\/v2\/media?parent=31"}],"curies":[{"name":"wp","href":"https:\/\/api.w.org\/{rel}","templated":true}]}}